{"id":546,"date":"2020-07-06T08:57:05","date_gmt":"2020-07-06T08:57:05","guid":{"rendered":"http:\/\/taulandajupi.com\/?page_id=546"},"modified":"2020-07-16T17:25:55","modified_gmt":"2020-07-16T17:25:55","slug":"miresevjen","status":"publish","type":"page","link":"https:\/\/taulandajupi.com\/?page_id=546","title":{"rendered":"Mir\u00ebsevjen!"},"content":{"rendered":"\n<p><br><\/p>\n\n\n\n<p><\/p>\n\n\n\n<p><\/p>\n\n\n\n<p class=\"has-medium-font-size\">Mirsevjen n\u00eb blogun tim!&nbsp;<\/p>\n\n\n\n<p><br>E vendosur!\u00a0<br>Kjo do t\u00eb ishte nj\u00eb fjal\u00eb q\u00eb m\u00eb rri pran\u00eb.\u00a0<\/p>\n\n\n\n<p>E vendosur t\u00eb shoh p\u00ebrpara, duke reflektuar mbi t\u00eb shkuar\u00ebn.<\/p>\n\n\n\n<p>E vendosur se \u00e7do pun\u00eb e kryer me pasion e p\u00ebrkushtim \u00ebsht\u00eb nj\u00eb rrug\u00ebtim m\u00eb i vlefsh\u00ebm se vet\u00eb realizimi. Suksesi mbetet nj\u00eb \u00e7ast, nj\u00eb pik\u00eb ku mb\u00ebshtetem p\u00ebr hapin e rradh\u00ebs.<\/p>\n\n\n\n<p>E vendosur t\u00eb mbetem vetja n\u00eb k\u00ebt\u00eb bot\u00eb q\u00eb vazhdimisht p\u00ebrpiqet t\u00eb na ndryshoj\u00eb, t\u00eb na sprovoj\u00eb, t\u00eb na sfidoj\u00eb me imponim.\u00a0<\/p>\n\n\n\n<p>E vendosur n\u00eb p\u00ebrpjekje t\u00eb vazhdueshme p\u00ebr t\u00eb qen\u00eb motivuese dhe mb\u00ebshtet\u00ebse p\u00ebr ata q\u00eb m\u00eb rrethojn\u00eb apo q\u00eb bashk\u00ebpunoj.\u00a0<\/p>\n\n\n\n<p>E vendosur dhe me besimin n\u00eb zot p\u00ebr t\u00eb l\u00ebn\u00eb gjurm\u00ebn time n\u00eb k\u00ebt\u00eb bot\u00eb.<\/p>\n\n\n\n<blockquote class=\"wp-block-quote\"><p>\u201c<em>It took me quite a long time to develop a voice and now that I have it, I am not going to be silent.\u201d<\/em><\/p><cite><em>~Madeleine Albright~<\/em><\/cite><\/blockquote>\n","protected":false},"excerpt":{"rendered":"Mirsevjen n\u00eb blogun tim!&nbsp; E vendosur!\u00a0Kjo do t\u00eb ishte nj\u00eb fjal\u00eb q\u00eb m\u00eb rri pran\u00eb.\u00a0 E vendosur t\u00eb shoh p\u00ebrpara, duke reflektuar mbi t\u00eb shkuar\u00ebn. E vendosur se \u00e7do pun\u00eb e kryer me pasion e p\u00ebrkushtim \u00ebsht\u00eb nj\u00eb rrug\u00ebtim m\u00eb i vlefsh\u00ebm se vet\u00eb realizimi. Suksesi mbetet nj\u00eb \u00e7ast, nj\u00eb pik\u00eb ku mb\u00ebshtetem p\u00ebr hapin[&#8230;]","protected":false},"author":1,"featured_media":540,"parent":0,"menu_order":0,"comment_status":"closed","ping_status":"closed","template":"","meta":[],"yoast_head":"<!-- This site is optimized with the Yoast SEO plugin v18.5.1 - https:\/\/yoast.com\/wordpress\/plugins\/seo\/ -->\n<title>Mir\u00ebsevjen! - Taulanda Jupi<\/title>\n<meta name=\"robots\" content=\"index, follow, max-snippet:-1, max-image-preview:large, max-video-preview:-1\" \/>\n<link rel=\"canonical\" href=\"https:\/\/taulandajupi.com\/?page_id=546\" \/>\n<meta property=\"og:locale\" content=\"en_US\" \/>\n<meta property=\"og:type\" content=\"article\" \/>\n<meta property=\"og:title\" content=\"Mir\u00ebsevjen! - Taulanda Jupi\" \/>\n<meta property=\"og:description\" content=\"Mirsevjen n\u00eb blogun tim!&nbsp; E vendosur!\u00a0Kjo do t\u00eb ishte nj\u00eb fjal\u00eb q\u00eb m\u00eb rri pran\u00eb.\u00a0 E vendosur t\u00eb shoh p\u00ebrpara, duke reflektuar mbi t\u00eb shkuar\u00ebn. E vendosur se \u00e7do pun\u00eb e kryer me pasion e p\u00ebrkushtim \u00ebsht\u00eb nj\u00eb rrug\u00ebtim m\u00eb i vlefsh\u00ebm se vet\u00eb realizimi. Suksesi mbetet nj\u00eb \u00e7ast, nj\u00eb pik\u00eb ku mb\u00ebshtetem p\u00ebr hapin[...]\" \/>\n<meta property=\"og:url\" content=\"https:\/\/taulandajupi.com\/?page_id=546\" \/>\n<meta property=\"og:site_name\" content=\"Taulanda Jupi\" \/>\n<meta property=\"article:modified_time\" content=\"2020-07-16T17:25:55+00:00\" \/>\n<meta property=\"og:image\" content=\"https:\/\/taulandajupi.com\/wp-content\/uploads\/2020\/06\/taulanda-jupi-b-z-1.jpg\" \/>\n\t<meta property=\"og:image:width\" content=\"863\" \/>\n\t<meta property=\"og:image:height\" content=\"960\" \/>\n\t<meta property=\"og:image:type\" content=\"image\/jpeg\" \/>\n<meta name=\"twitter:card\" content=\"summary_large_image\" \/>\n<meta name=\"twitter:label1\" content=\"Est. reading time\" \/>\n\t<meta name=\"twitter:data1\" content=\"1 minute\" \/>\n<script type=\"application\/ld+json\" class=\"yoast-schema-graph\">{\"@context\":\"https:\/\/schema.org\",\"@graph\":[{\"@type\":\"WebSite\",\"@id\":\"http:\/\/taulandajupi.com\/#website\",\"url\":\"http:\/\/taulandajupi.com\/\",\"name\":\"Taulanda Jupi\",\"description\":\"Profesor i Asociuar, Universiteti i Arteve | Edukim | Kultur\u00eb | Art | Sociale\",\"potentialAction\":[{\"@type\":\"SearchAction\",\"target\":{\"@type\":\"EntryPoint\",\"urlTemplate\":\"http:\/\/taulandajupi.com\/?s={search_term_string}\"},\"query-input\":\"required name=search_term_string\"}],\"inLanguage\":\"en-US\"},{\"@type\":\"ImageObject\",\"@id\":\"https:\/\/taulandajupi.com\/?page_id=546#primaryimage\",\"inLanguage\":\"en-US\",\"url\":\"https:\/\/taulandajupi.com\/wp-content\/uploads\/2020\/06\/taulanda-jupi-b-z-1.jpg\",\"contentUrl\":\"https:\/\/taulandajupi.com\/wp-content\/uploads\/2020\/06\/taulanda-jupi-b-z-1.jpg\",\"width\":863,\"height\":960},{\"@type\":\"WebPage\",\"@id\":\"https:\/\/taulandajupi.com\/?page_id=546#webpage\",\"url\":\"https:\/\/taulandajupi.com\/?page_id=546\",\"name\":\"Mir\u00ebsevjen! - Taulanda Jupi\",\"isPartOf\":{\"@id\":\"http:\/\/taulandajupi.com\/#website\"},\"primaryImageOfPage\":{\"@id\":\"https:\/\/taulandajupi.com\/?page_id=546#primaryimage\"},\"datePublished\":\"2020-07-06T08:57:05+00:00\",\"dateModified\":\"2020-07-16T17:25:55+00:00\",\"breadcrumb\":{\"@id\":\"https:\/\/taulandajupi.com\/?page_id=546#breadcrumb\"},\"inLanguage\":\"en-US\",\"potentialAction\":[{\"@type\":\"ReadAction\",\"target\":[\"https:\/\/taulandajupi.com\/?page_id=546\"]}]},{\"@type\":\"BreadcrumbList\",\"@id\":\"https:\/\/taulandajupi.com\/?page_id=546#breadcrumb\",\"itemListElement\":[{\"@type\":\"ListItem\",\"position\":1,\"name\":\"Home\",\"item\":\"http:\/\/taulandajupi.com\/\"},{\"@type\":\"ListItem\",\"position\":2,\"name\":\"Mir\u00ebsevjen!\"}]}]}<\/script>\n<!-- \/ Yoast SEO plugin. -->","yoast_head_json":{"title":"Mir\u00ebsevjen! - Taulanda Jupi","robots":{"index":"index","follow":"follow","max-snippet":"max-snippet:-1","max-image-preview":"max-image-preview:large","max-video-preview":"max-video-preview:-1"},"canonical":"https:\/\/taulandajupi.com\/?page_id=546","og_locale":"en_US","og_type":"article","og_title":"Mir\u00ebsevjen! - Taulanda Jupi","og_description":"Mirsevjen n\u00eb blogun tim!&nbsp; E vendosur!\u00a0Kjo do t\u00eb ishte nj\u00eb fjal\u00eb q\u00eb m\u00eb rri pran\u00eb.\u00a0 E vendosur t\u00eb shoh p\u00ebrpara, duke reflektuar mbi t\u00eb shkuar\u00ebn. E vendosur se \u00e7do pun\u00eb e kryer me pasion e p\u00ebrkushtim \u00ebsht\u00eb nj\u00eb rrug\u00ebtim m\u00eb i vlefsh\u00ebm se vet\u00eb realizimi. Suksesi mbetet nj\u00eb \u00e7ast, nj\u00eb pik\u00eb ku mb\u00ebshtetem p\u00ebr hapin[...]","og_url":"https:\/\/taulandajupi.com\/?page_id=546","og_site_name":"Taulanda Jupi","article_modified_time":"2020-07-16T17:25:55+00:00","og_image":[{"width":863,"height":960,"url":"https:\/\/taulandajupi.com\/wp-content\/uploads\/2020\/06\/taulanda-jupi-b-z-1.jpg","type":"image\/jpeg"}],"twitter_card":"summary_large_image","twitter_misc":{"Est. reading time":"1 minute"},"schema":{"@context":"https:\/\/schema.org","@graph":[{"@type":"WebSite","@id":"http:\/\/taulandajupi.com\/#website","url":"http:\/\/taulandajupi.com\/","name":"Taulanda Jupi","description":"Profesor i Asociuar, Universiteti i Arteve | Edukim | Kultur\u00eb | Art | Sociale","potentialAction":[{"@type":"SearchAction","target":{"@type":"EntryPoint","urlTemplate":"http:\/\/taulandajupi.com\/?s={search_term_string}"},"query-input":"required name=search_term_string"}],"inLanguage":"en-US"},{"@type":"ImageObject","@id":"https:\/\/taulandajupi.com\/?page_id=546#primaryimage","inLanguage":"en-US","url":"https:\/\/taulandajupi.com\/wp-content\/uploads\/2020\/06\/taulanda-jupi-b-z-1.jpg","contentUrl":"https:\/\/taulandajupi.com\/wp-content\/uploads\/2020\/06\/taulanda-jupi-b-z-1.jpg","width":863,"height":960},{"@type":"WebPage","@id":"https:\/\/taulandajupi.com\/?page_id=546#webpage","url":"https:\/\/taulandajupi.com\/?page_id=546","name":"Mir\u00ebsevjen! - Taulanda Jupi","isPartOf":{"@id":"http:\/\/taulandajupi.com\/#website"},"primaryImageOfPage":{"@id":"https:\/\/taulandajupi.com\/?page_id=546#primaryimage"},"datePublished":"2020-07-06T08:57:05+00:00","dateModified":"2020-07-16T17:25:55+00:00","breadcrumb":{"@id":"https:\/\/taulandajupi.com\/?page_id=546#breadcrumb"},"inLanguage":"en-US","potentialAction":[{"@type":"ReadAction","target":["https:\/\/taulandajupi.com\/?page_id=546"]}]},{"@type":"BreadcrumbList","@id":"https:\/\/taulandajupi.com\/?page_id=546#breadcrumb","itemListElement":[{"@type":"ListItem","position":1,"name":"Home","item":"http:\/\/taulandajupi.com\/"},{"@type":"ListItem","position":2,"name":"Mir\u00ebsevjen!"}]}]}},"_links":{"self":[{"href":"https:\/\/taulandajupi.com\/index.php?rest_route=\/wp\/v2\/pages\/546"}],"collection":[{"href":"https:\/\/taulandajupi.com\/index.php?rest_route=\/wp\/v2\/pages"}],"about":[{"href":"https:\/\/taulandajupi.com\/index.php?rest_route=\/wp\/v2\/types\/page"}],"author":[{"embeddable":true,"href":"https:\/\/taulandajupi.com\/index.php?rest_route=\/wp\/v2\/users\/1"}],"replies":[{"embeddable":true,"href":"https:\/\/taulandajupi.com\/index.php?rest_route=%2Fwp%2Fv2%2Fcomments&post=546"}],"version-history":[{"count":12,"href":"https:\/\/taulandajupi.com\/index.php?rest_route=\/wp\/v2\/pages\/546\/revisions"}],"predecessor-version":[{"id":566,"href":"https:\/\/taulandajupi.com\/index.php?rest_route=\/wp\/v2\/pages\/546\/revisions\/566"}],"wp:featuredmedia":[{"embeddable":true,"href":"https:\/\/taulandajupi.com\/index.php?rest_route=\/wp\/v2\/media\/540"}],"wp:attachment":[{"href":"https:\/\/taulandajupi.com\/index.php?rest_route=%2Fwp%2Fv2%2Fmedia&parent=546"}],"curies":[{"name":"wp","href":"https:\/\/api.w.org\/{rel}","templated":true}]}}