{"id":596,"date":"2020-07-30T09:33:03","date_gmt":"2020-07-30T09:33:03","guid":{"rendered":"http:\/\/taulandajupi.com\/?page_id=596"},"modified":"2022-04-05T17:24:22","modified_gmt":"2022-04-05T16:24:22","slug":"video-foto-galeri","status":"publish","type":"page","link":"https:\/\/taulandajupi.com\/?page_id=596","title":{"rendered":"Video \/ Foto galeri"},"content":{"rendered":"\n<hr class=\"wp-block-separator\"\/>\n\n\n\n<p>\ud83c\udf80 Kemi vendosur t\u00eb b\u00ebhemi bashk\u00eb, NE GRATE q\u00eb nj\u00eb gjuh\u00eb dhe nj\u00eb shpirt na bashkon.<br>\u25aa\ufe0fProjekti i vet\u00ebdij\u00ebsimit ndaj kancerit t\u00eb gjirit p\u00ebrmes artit fillon nga \ud83d\udccdSHKUPI.<br>Si nj\u00eb rekuiem p\u00ebr t\u00eb gjitha ato gra dhe vajza q\u00eb kan\u00eb humbur betej\u00ebn me kancerin e gjirit, n\u00eb mb\u00ebshtetje t\u00eb secil\u00ebs prej tyre q\u00eb p\u00ebrballet me k\u00ebt\u00eb s\u00ebmundje dhe p\u00ebr t\u00eb nd\u00ebrgjegj\u00ebsuar \u00e7do vajz\u00eb dhe grua t\u00eb kujdeset p\u00ebr jet\u00ebn e saj, ne b\u00ebhemi bashk\u00eb n\u00eb mbr\u00ebmjen:<\/p>\n\n\n\n<p><br>\u201cTi ke mund\u00ebsi t\u00eb zgjedh\u00ebsh,<br>duaje veten, zgjidh jet\u00ebn! \u201c<\/p>\n\n\n\n<p><br>Leximi i monodram\u00ebs \u201cMALKONY\u201d gjat\u00eb k\u00ebsaj mbr\u00ebmje, shkruar nga Prof.asc. Taulanda Jupi \/ Universiteti i Arteve Tiran\u00eb dhe monologun p\u00ebr kancerin e gjirit, nga shfaqja \u201cGRAT\u00cb\u201d me regji t\u00eb Q\u00ebndrim Rijanit, ka si q\u00ebllim t\u00eb b\u00ebj\u00eb bashk\u00eb grat\u00eb shqiptare n\u00eb rajonin e Ballkanit, n\u00eb tre evente zhvilluar n\u00eb Shkup, Gjakov\u00eb dhe Tiran\u00eb<\/p>\n\n\n\n<p><br>\u25aa\ufe0f Mb\u00ebmja n\u00eb Shkup zhvillohet me prezenc\u00ebn dhe kontributin e vyer t\u00eb zonjave:<br>Taulanda Jupi &#8211; Pedagoge<br>Adelina Marku &#8211; Diplomate\/Opinioniste<br>Teuta Ajdini &#8211; Aktore e Teatrit Shqiptar<br>Vala Adili &#8211; Psikologe\/ Psikoterspiste<\/p>\n\n\n\n<p><br>Teatri Shqiptar i Shkupit mb\u00ebshtet n\u00eb m\u00ebnyr\u00eb t\u00eb ve\u00e7ant\u00eb zhvillim e k\u00ebsaj mbr\u00ebmjeje t\u00eb m\u00ebrkur\u00ebn, m\u00eb 6 Tetor, 2021 ora 19.30<br>Ju presim t\u00eb b\u00ebhemi bashk\u00eb t\u00eb gjith\u00eb!<\/p>\n\n\n\n<p><br>Kjo \u00ebsht\u00eb nj\u00eb periudh\u00eb e v\u00ebshtir\u00eb p\u00ebr t\u00eb gjith\u00eb ne, por edhe n\u00eb rrethana t\u00eb Covid -19, duke respektuar t\u00eb gjitha masat mbrojt\u00ebse, mendojm\u00eb se mund t\u00eb kujdesemi q\u00eb ky Tetor vjeshte t\u00eb jet\u00eb p\u00ebrs\u00ebri Tetori Roz\u00eb.<br>#BreastCancerAwarenessMonth<\/p>\n\n\n\n<p><strong>2 Tetor 2021<\/strong><\/p>\n\n\n\n<hr class=\"wp-block-separator\"\/>\n\n\n\n<p><\/p>\n\n\n\n<p><iframe loading=\"lazy\" src=\"https:\/\/www.facebook.com\/plugins\/video.php?height=314&amp;href=https%3A%2F%2Fwww.facebook.com%2Ftaulanda%2Fvideos%2F408033263578235%2F&amp;show_text=false&amp;width=560&amp;t=0\" width=\"560\" height=\"314\" style=\"border:none;overflow:hidden\" scrolling=\"no\" frameborder=\"0\" allowfullscreen=\"true\" allow=\"autoplay; clipboard-write; encrypted-media; picture-in-picture; web-share\"><\/p>\n\n\n\n<p>Un\u00eb sot jam z\u00ebri i Drit\u00ebs,<br>z\u00ebri Enkeled\u00ebs,<br>z\u00ebri i Manjol\u00ebs,<br>z\u00ebri i Esmerald\u00ebs<br>z\u00ebri i Hajdies<\/p>\n\n\n\n<p>un\u00eb jam z\u00ebri i atyre grave e vajzave q\u00eb padrejt\u00ebsisht nuk jetojn\u00eb m\u00eb, q\u00eb padrejt\u00ebsisht &nbsp;u dhunuan, u masakruan dhe u vran\u00eb. Shum\u00eb prej tyre kishin urdh\u00ebr mbrojtje por nuk u mbrojt\u00ebn, sepse drejt\u00ebsia dhe kujdesi p\u00ebr grat\u00eb dhe vajzat sot &nbsp;jan\u00eb nj\u00eb opsion i &nbsp;pamundur.<\/p>\n\n\n\n<p>Si nj\u00eb requiem p\u00ebr humbjen e tyre vjen ekspozita:<\/p>\n\n\n\n<p>\u201cTHYER\u201d,<\/p>\n\n\n\n<p>p\u00ebr t\u00eb thyer heshtjen, p\u00ebr t\u2019u treguar atyre n\u00ebnave e motrave, grave dhe vajzave t\u00eb cilat jetojn\u00eb sot n\u00ebn tmerrin e dhun\u00ebs, se nuk jan\u00eb vet\u00ebm dhe frika e tyre duhet THYER.<\/p>\n\n\n\n<p>Kemi nevoj\u00eb t\u00eb jemi BASHK\u00cb, kund\u00ebr t\u00eb keqes q\u00eb historia t\u00eb mos p\u00ebrs\u00ebritet dhe vajzat tona nes\u00ebr t\u00eb mos p\u00ebrballen me t\u00eb nj\u00ebjtin realitet, ku arritja m\u00eb e madhe \u00ebsht\u00eb t\u00eb mbetesh gjall\u00eb.<br>Jo! Kjo \u00ebsht\u00eb beteja jon\u00eb, p\u00ebr tu krijuar atyre mund\u00ebsin\u00eb t\u00eb ken\u00eb \u00ebndrra d\u00ebshira dhe aspirata q\u00eb shkojn\u00eb p\u00ebrtej t\u00eb drejt\u00ebs p\u00ebr t\u00eb jetuar.<\/p>\n\n\n<p><iframe loading=\"lazy\" style=\"border: none; overflow: hidden;\" src=\"https:\/\/www.facebook.com\/plugins\/video.php?height=314&amp;href=https%3A%2F%2Fwww.facebook.com%2Ftaulanda%2Fvideos%2F353316838920895%2F&amp;show_text=false&amp;width=560&amp;t=0\" width=\"560\" height=\"314\" frameborder=\"0\" scrolling=\"no\" allowfullscreen=\"allowfullscreen\"><\/iframe><\/p>\n<p>Protesta p\u00ebr mbrojtjen e Teatrit Komb\u00ebtar, m\u00eb e gjata n\u00eb historin\u00eb e shoq\u00ebris\u00eb shqiptare, ka sjell\u00eb n\u00eb Shqip\u00ebri Euronews. Ju ftoj t\u00eb shihni kronik\u00ebn e gazetarit Jack Parrock i cili vizitoi Teatrin dhe u njoh me historikun e tij. Nj\u00eb panoram\u00eb profesionale e disa k\u00ebndv\u00ebshtrimeve mbi \u00e7\u00ebshtjen e Teatrit Komb\u00ebtar.<\/p>\n\n\n<hr class=\"wp-block-separator\"\/>\n\n\n<p><iframe loading=\"lazy\" src=\"https:\/\/www.facebook.com\/plugins\/video.php?height=316&amp;href=https%3A%2F%2Fwww.facebook.com%2Ftaulanda%2Fvideos%2F501355857416752%2F&amp;show_text=false&amp;width=560&amp;t=0\" width=\"560\" height=\"316\" style=\"border:none;overflow:hidden\" scrolling=\"no\" frameborder=\"0\" allowfullscreen=\"true\" allow=\"autoplay; clipboard-write; encrypted-media; picture-in-picture; web-share\"><\/iframe><\/p>\n\n\n<p>Hape dritaren, frymo dhe mbushi mushk\u00ebrit\u00eb me aj\u00ebr t\u00eb past\u00ebr.<\/p>\n\n\n\n<p>Shih horizontin dhe mahnitu nga Shqip\u00ebria jon\u00eb!<\/p>\n\n\n\n<p>M\u00eb pas, ktheje kok\u00ebn, gjej me sy familjen dhe buz\u00ebqesh.<\/p>\n\n\n\n<p>Kujto se m\u00eb e mira q\u00eb mund t\u00eb b\u00ebsh sot p\u00ebr t\u00eb shtrenjt\u00ebt e tu, \u00ebsht\u00eb t\u00eb q\u00ebndrosh n\u00eb sht\u00ebpi dhe t&#8217;i mbrosh nga virusi i rreziksh\u00ebm.<\/p>\n\n\n\n<p>Kujdesu p\u00ebr t\u00eb moshuarit, edhe p\u00ebr t\u00eb rinjt\u00eb. Mos e nd\u00ebrprit historin\u00eb dhe lidhjen e ngusht\u00eb mes nj\u00eb gjyshi i cili plot krenari kujton lavdin\u00eb e viteve t\u00eb tij dhe nj\u00eb nipi kurioz q\u00eb e sheh si hero dhe do q\u00eb t&#8217;i ngjaj\u00eb.<\/p>\n\n\n\n<p>Ky kaos do mbaroj\u00eb dhe \u00ebndrra jote p\u00ebr nj\u00eb Shqip\u00ebria t\u00eb bukur, t\u00eb sh\u00ebndetshme dhe dinjitoze, do t\u00eb realizohet. S\u00eb bashku do t\u00eb nd\u00ebrtojm\u00eb nj\u00eb t\u00eb ardhme plot shpres\u00eb.<\/p>\n\n\n\n<p>Nd\u00ebr shekuj, historia e ka d\u00ebshmuar dashurin\u00eb ton\u00eb p\u00ebr nj\u00ebri-tjetrin, ndaj q\u00ebndro n\u00eb sht\u00ebpi, dit\u00eb m\u00eb t\u00eb mira na presin!<\/p>\n\n\n\n<p><br>28 Mars 2020<\/p>\n\n\n\n<p><\/p>\n\n\n\n<hr class=\"wp-block-separator\"\/>\n\n\n\n<figure class=\"wp-block-gallery columns-3 is-cropped\"><ul class=\"blocks-gallery-grid\"><li class=\"blocks-gallery-item\"><figure><img loading=\"lazy\" width=\"683\" height=\"1024\" src=\"http:\/\/taulandajupi.com\/wp-content\/uploads\/2020\/08\/taulanda-jupi-3.jpeg\" alt=\"\" data-id=\"647\" data-full-url=\"http:\/\/taulandajupi.com\/wp-content\/uploads\/2020\/08\/taulanda-jupi-3.jpeg\" data-link=\"http:\/\/taulandajupi.com\/video-foto-galeri\/taulanda-jupi-3-2\/\" class=\"wp-image-647\" srcset=\"https:\/\/taulandajupi.com\/wp-content\/uploads\/2020\/08\/taulanda-jupi-3.jpeg 683w, https:\/\/taulandajupi.com\/wp-content\/uploads\/2020\/08\/taulanda-jupi-3-200x300.jpeg 200w\" sizes=\"(max-width: 683px) 100vw, 683px\" \/><\/figure><\/li><li class=\"blocks-gallery-item\"><figure><img loading=\"lazy\" width=\"768\" height=\"1024\" src=\"http:\/\/taulandajupi.com\/wp-content\/uploads\/2020\/08\/taulanda-jupi-6-768x1024.jpeg\" alt=\"\" data-id=\"650\" data-full-url=\"http:\/\/taulandajupi.com\/wp-content\/uploads\/2020\/08\/taulanda-jupi-6.jpeg\" data-link=\"http:\/\/taulandajupi.com\/video-foto-galeri\/taulanda-jupi-6-2\/\" class=\"wp-image-650\" srcset=\"https:\/\/taulandajupi.com\/wp-content\/uploads\/2020\/08\/taulanda-jupi-6-768x1024.jpeg 768w, https:\/\/taulandajupi.com\/wp-content\/uploads\/2020\/08\/taulanda-jupi-6-225x300.jpeg 225w, https:\/\/taulandajupi.com\/wp-content\/uploads\/2020\/08\/taulanda-jupi-6.jpeg 960w\" sizes=\"(max-width: 768px) 100vw, 768px\" \/><\/figure><\/li><li class=\"blocks-gallery-item\"><figure><img loading=\"lazy\" width=\"683\" height=\"1024\" src=\"http:\/\/taulandajupi.com\/wp-content\/uploads\/2020\/08\/taulanda-jupi-7-683x1024.jpeg\" alt=\"\" data-id=\"651\" data-full-url=\"http:\/\/taulandajupi.com\/wp-content\/uploads\/2020\/08\/taulanda-jupi-7.jpeg\" data-link=\"http:\/\/taulandajupi.com\/video-foto-galeri\/taulanda-jupi-7\/\" class=\"wp-image-651\" srcset=\"https:\/\/taulandajupi.com\/wp-content\/uploads\/2020\/08\/taulanda-jupi-7-683x1024.jpeg 683w, https:\/\/taulandajupi.com\/wp-content\/uploads\/2020\/08\/taulanda-jupi-7-200x300.jpeg 200w, https:\/\/taulandajupi.com\/wp-content\/uploads\/2020\/08\/taulanda-jupi-7-768x1151.jpeg 768w, https:\/\/taulandajupi.com\/wp-content\/uploads\/2020\/08\/taulanda-jupi-7.jpeg 854w\" sizes=\"(max-width: 683px) 100vw, 683px\" \/><\/figure><\/li><li class=\"blocks-gallery-item\"><figure><img loading=\"lazy\" width=\"768\" height=\"1024\" src=\"http:\/\/taulandajupi.com\/wp-content\/uploads\/2020\/08\/taulanda-jupi-8-768x1024.jpeg\" alt=\"\" data-id=\"652\" data-full-url=\"http:\/\/taulandajupi.com\/wp-content\/uploads\/2020\/08\/taulanda-jupi-8.jpeg\" data-link=\"http:\/\/taulandajupi.com\/video-foto-galeri\/taulanda-jupi-8\/\" class=\"wp-image-652\" srcset=\"https:\/\/taulandajupi.com\/wp-content\/uploads\/2020\/08\/taulanda-jupi-8-768x1024.jpeg 768w, https:\/\/taulandajupi.com\/wp-content\/uploads\/2020\/08\/taulanda-jupi-8-225x300.jpeg 225w, https:\/\/taulandajupi.com\/wp-content\/uploads\/2020\/08\/taulanda-jupi-8.jpeg 960w\" sizes=\"(max-width: 768px) 100vw, 768px\" \/><\/figure><\/li><li class=\"blocks-gallery-item\"><figure><img loading=\"lazy\" width=\"683\" height=\"1024\" src=\"http:\/\/taulandajupi.com\/wp-content\/uploads\/2020\/08\/taulanda-jupi-1-683x1024.jpeg\" alt=\"\" data-id=\"653\" data-full-url=\"http:\/\/taulandajupi.com\/wp-content\/uploads\/2020\/08\/taulanda-jupi-1.jpeg\" data-link=\"http:\/\/taulandajupi.com\/video-foto-galeri\/taulanda-jupi-1\/\" class=\"wp-image-653\" srcset=\"https:\/\/taulandajupi.com\/wp-content\/uploads\/2020\/08\/taulanda-jupi-1-683x1024.jpeg 683w, https:\/\/taulandajupi.com\/wp-content\/uploads\/2020\/08\/taulanda-jupi-1-200x300.jpeg 200w, https:\/\/taulandajupi.com\/wp-content\/uploads\/2020\/08\/taulanda-jupi-1-768x1151.jpeg 768w, https:\/\/taulandajupi.com\/wp-content\/uploads\/2020\/08\/taulanda-jupi-1.jpeg 854w\" sizes=\"(max-width: 683px) 100vw, 683px\" \/><\/figure><\/li><\/ul><\/figure>\n","protected":false},"excerpt":{"rendered":"\ud83c\udf80 Kemi vendosur t\u00eb b\u00ebhemi bashk\u00eb, NE GRATE q\u00eb nj\u00eb gjuh\u00eb dhe nj\u00eb shpirt na bashkon.\u25aa\ufe0fProjekti i vet\u00ebdij\u00ebsimit ndaj kancerit t\u00eb gjirit p\u00ebrmes artit fillon nga \ud83d\udccdSHKUPI.Si nj\u00eb rekuiem p\u00ebr t\u00eb gjitha ato gra dhe vajza q\u00eb kan\u00eb humbur betej\u00ebn me kancerin e gjirit, n\u00eb mb\u00ebshtetje t\u00eb secil\u00ebs prej tyre q\u00eb p\u00ebrballet me k\u00ebt\u00eb s\u00ebmundje[&#8230;]","protected":false},"author":1,"featured_media":0,"parent":0,"menu_order":0,"comment_status":"closed","ping_status":"closed","template":"","meta":[],"yoast_head":"<!-- This site is optimized with the Yoast SEO plugin v18.5.1 - https:\/\/yoast.com\/wordpress\/plugins\/seo\/ -->\n<title>Video \/ Foto galeri - Taulanda Jupi<\/title>\n<meta name=\"robots\" content=\"index, follow, max-snippet:-1, max-image-preview:large, max-video-preview:-1\" \/>\n<link rel=\"canonical\" href=\"https:\/\/taulandajupi.com\/?page_id=596\" \/>\n<meta property=\"og:locale\" content=\"en_US\" \/>\n<meta property=\"og:type\" content=\"article\" \/>\n<meta property=\"og:title\" content=\"Video \/ Foto galeri - Taulanda Jupi\" \/>\n<meta property=\"og:description\" content=\"\ud83c\udf80 Kemi vendosur t\u00eb b\u00ebhemi bashk\u00eb, NE GRATE q\u00eb nj\u00eb gjuh\u00eb dhe nj\u00eb shpirt na bashkon.\u25aa\ufe0fProjekti i vet\u00ebdij\u00ebsimit ndaj kancerit t\u00eb gjirit p\u00ebrmes artit fillon nga \ud83d\udccdSHKUPI.Si nj\u00eb rekuiem p\u00ebr t\u00eb gjitha ato gra dhe vajza q\u00eb kan\u00eb humbur betej\u00ebn me kancerin e gjirit, n\u00eb mb\u00ebshtetje t\u00eb secil\u00ebs prej tyre q\u00eb p\u00ebrballet me k\u00ebt\u00eb s\u00ebmundje[...]\" \/>\n<meta property=\"og:url\" content=\"https:\/\/taulandajupi.com\/?page_id=596\" \/>\n<meta property=\"og:site_name\" content=\"Taulanda Jupi\" \/>\n<meta property=\"article:modified_time\" content=\"2022-04-05T16:24:22+00:00\" \/>\n<meta property=\"og:image\" content=\"http:\/\/taulandajupi.com\/wp-content\/uploads\/2020\/08\/taulanda-jupi-3.jpeg\" \/>\n<meta name=\"twitter:card\" content=\"summary_large_image\" \/>\n<meta name=\"twitter:label1\" content=\"Est. reading time\" \/>\n\t<meta name=\"twitter:data1\" content=\"4 minutes\" \/>\n<script type=\"application\/ld+json\" class=\"yoast-schema-graph\">{\"@context\":\"https:\/\/schema.org\",\"@graph\":[{\"@type\":\"WebSite\",\"@id\":\"https:\/\/taulandajupi.com\/#website\",\"url\":\"https:\/\/taulandajupi.com\/\",\"name\":\"Taulanda Jupi\",\"description\":\"Profesor i Asociuar, Universiteti i Arteve | Edukim | Kultur\u00eb | Art | Sociale\",\"potentialAction\":[{\"@type\":\"SearchAction\",\"target\":{\"@type\":\"EntryPoint\",\"urlTemplate\":\"https:\/\/taulandajupi.com\/?s={search_term_string}\"},\"query-input\":\"required name=search_term_string\"}],\"inLanguage\":\"en-US\"},{\"@type\":\"ImageObject\",\"@id\":\"https:\/\/taulandajupi.com\/?page_id=596#primaryimage\",\"inLanguage\":\"en-US\",\"url\":\"https:\/\/taulandajupi.com\/wp-content\/uploads\/2020\/08\/taulanda-jupi-3.jpeg\",\"contentUrl\":\"https:\/\/taulandajupi.com\/wp-content\/uploads\/2020\/08\/taulanda-jupi-3.jpeg\",\"width\":683,\"height\":1024},{\"@type\":\"WebPage\",\"@id\":\"https:\/\/taulandajupi.com\/?page_id=596#webpage\",\"url\":\"https:\/\/taulandajupi.com\/?page_id=596\",\"name\":\"Video \/ Foto galeri - Taulanda Jupi\",\"isPartOf\":{\"@id\":\"https:\/\/taulandajupi.com\/#website\"},\"primaryImageOfPage\":{\"@id\":\"https:\/\/taulandajupi.com\/?page_id=596#primaryimage\"},\"datePublished\":\"2020-07-30T09:33:03+00:00\",\"dateModified\":\"2022-04-05T16:24:22+00:00\",\"breadcrumb\":{\"@id\":\"https:\/\/taulandajupi.com\/?page_id=596#breadcrumb\"},\"inLanguage\":\"en-US\",\"potentialAction\":[{\"@type\":\"ReadAction\",\"target\":[\"https:\/\/taulandajupi.com\/?page_id=596\"]}]},{\"@type\":\"BreadcrumbList\",\"@id\":\"https:\/\/taulandajupi.com\/?page_id=596#breadcrumb\",\"itemListElement\":[{\"@type\":\"ListItem\",\"position\":1,\"name\":\"Home\",\"item\":\"https:\/\/taulandajupi.com\/\"},{\"@type\":\"ListItem\",\"position\":2,\"name\":\"Video \/ Foto galeri\"}]}]}<\/script>\n<!-- \/ Yoast SEO plugin. -->","yoast_head_json":{"title":"Video \/ Foto galeri - Taulanda Jupi","robots":{"index":"index","follow":"follow","max-snippet":"max-snippet:-1","max-image-preview":"max-image-preview:large","max-video-preview":"max-video-preview:-1"},"canonical":"https:\/\/taulandajupi.com\/?page_id=596","og_locale":"en_US","og_type":"article","og_title":"Video \/ Foto galeri - Taulanda Jupi","og_description":"\ud83c\udf80 Kemi vendosur t\u00eb b\u00ebhemi bashk\u00eb, NE GRATE q\u00eb nj\u00eb gjuh\u00eb dhe nj\u00eb shpirt na bashkon.\u25aa\ufe0fProjekti i vet\u00ebdij\u00ebsimit ndaj kancerit t\u00eb gjirit p\u00ebrmes artit fillon nga \ud83d\udccdSHKUPI.Si nj\u00eb rekuiem p\u00ebr t\u00eb gjitha ato gra dhe vajza q\u00eb kan\u00eb humbur betej\u00ebn me kancerin e gjirit, n\u00eb mb\u00ebshtetje t\u00eb secil\u00ebs prej tyre q\u00eb p\u00ebrballet me k\u00ebt\u00eb s\u00ebmundje[...]","og_url":"https:\/\/taulandajupi.com\/?page_id=596","og_site_name":"Taulanda Jupi","article_modified_time":"2022-04-05T16:24:22+00:00","og_image":[{"url":"http:\/\/taulandajupi.com\/wp-content\/uploads\/2020\/08\/taulanda-jupi-3.jpeg"}],"twitter_card":"summary_large_image","twitter_misc":{"Est. reading time":"4 minutes"},"schema":{"@context":"https:\/\/schema.org","@graph":[{"@type":"WebSite","@id":"https:\/\/taulandajupi.com\/#website","url":"https:\/\/taulandajupi.com\/","name":"Taulanda Jupi","description":"Profesor i Asociuar, Universiteti i Arteve | Edukim | Kultur\u00eb | Art | Sociale","potentialAction":[{"@type":"SearchAction","target":{"@type":"EntryPoint","urlTemplate":"https:\/\/taulandajupi.com\/?s={search_term_string}"},"query-input":"required name=search_term_string"}],"inLanguage":"en-US"},{"@type":"ImageObject","@id":"https:\/\/taulandajupi.com\/?page_id=596#primaryimage","inLanguage":"en-US","url":"https:\/\/taulandajupi.com\/wp-content\/uploads\/2020\/08\/taulanda-jupi-3.jpeg","contentUrl":"https:\/\/taulandajupi.com\/wp-content\/uploads\/2020\/08\/taulanda-jupi-3.jpeg","width":683,"height":1024},{"@type":"WebPage","@id":"https:\/\/taulandajupi.com\/?page_id=596#webpage","url":"https:\/\/taulandajupi.com\/?page_id=596","name":"Video \/ Foto galeri - Taulanda Jupi","isPartOf":{"@id":"https:\/\/taulandajupi.com\/#website"},"primaryImageOfPage":{"@id":"https:\/\/taulandajupi.com\/?page_id=596#primaryimage"},"datePublished":"2020-07-30T09:33:03+00:00","dateModified":"2022-04-05T16:24:22+00:00","breadcrumb":{"@id":"https:\/\/taulandajupi.com\/?page_id=596#breadcrumb"},"inLanguage":"en-US","potentialAction":[{"@type":"ReadAction","target":["https:\/\/taulandajupi.com\/?page_id=596"]}]},{"@type":"BreadcrumbList","@id":"https:\/\/taulandajupi.com\/?page_id=596#breadcrumb","itemListElement":[{"@type":"ListItem","position":1,"name":"Home","item":"https:\/\/taulandajupi.com\/"},{"@type":"ListItem","position":2,"name":"Video \/ Foto galeri"}]}]}},"_links":{"self":[{"href":"https:\/\/taulandajupi.com\/index.php?rest_route=\/wp\/v2\/pages\/596"}],"collection":[{"href":"https:\/\/taulandajupi.com\/index.php?rest_route=\/wp\/v2\/pages"}],"about":[{"href":"https:\/\/taulandajupi.com\/index.php?rest_route=\/wp\/v2\/types\/page"}],"author":[{"embeddable":true,"href":"https:\/\/taulandajupi.com\/index.php?rest_route=\/wp\/v2\/users\/1"}],"replies":[{"embeddable":true,"href":"https:\/\/taulandajupi.com\/index.php?rest_route=%2Fwp%2Fv2%2Fcomments&post=596"}],"version-history":[{"count":18,"href":"https:\/\/taulandajupi.com\/index.php?rest_route=\/wp\/v2\/pages\/596\/revisions"}],"predecessor-version":[{"id":735,"href":"https:\/\/taulandajupi.com\/index.php?rest_route=\/wp\/v2\/pages\/596\/revisions\/735"}],"wp:attachment":[{"href":"https:\/\/taulandajupi.com\/index.php?rest_route=%2Fwp%2Fv2%2Fmedia&parent=596"}],"curies":[{"name":"wp","href":"https:\/\/api.w.org\/{rel}","templated":true}]}}