{"id":622,"date":"2020-08-11T11:17:38","date_gmt":"2020-08-11T10:17:38","guid":{"rendered":"http:\/\/taulandajupi.com\/?page_id=622"},"modified":"2020-08-11T12:04:23","modified_gmt":"2020-08-11T11:04:23","slug":"komunikim-publik-links","status":"publish","type":"page","link":"https:\/\/taulandajupi.com\/?page_id=622","title":{"rendered":"Komunikim publik \/ Links"},"content":{"rendered":"\n<blockquote class=\"wp-block-quote\"><p><em>\u201cThe Human Voice is the most perfect instrument of all\u201d<\/em><\/p><cite>Arvo P\u00e4rt<\/cite><\/blockquote>\n\n\n\n<p><\/p>\n\n\n\n<p>ZERI yn\u00eb \u00ebsht\u00eb e dh\u00ebna natyrale, mjeti unik dhe i paz\u00ebvend\u00ebsuesh\u00ebm q\u00eb zot\u00ebrojm\u00eb p\u00ebr t\u00eb p\u00ebrcjell\u00eb &nbsp;mendimin, fjal\u00ebn, emocionin, mesazhin &nbsp;ton\u00eb p\u00ebrpara publikut apo audienc\u00ebs, cilado qoft\u00eb ajo.<\/p>\n\n\n\n<p>N\u00eb procesin e r\u00ebnd\u00ebsish\u00ebm t\u00eb komunikimit artistik apo publik, shpesh anashkalohet fakti&nbsp; se lidhja me audienc\u00ebn &nbsp;kalon p\u00ebrmes shqisave t\u00eb cilat preken nga tigulli, cil\u00ebsia dhe vetit\u00eb&nbsp; e z\u00ebrit ton\u00eb. Mund t\u00eb kemi nj\u00eb rol t\u00eb shk\u00eblqyer, mund t\u00eb kemi nj\u00eb prezantim shum\u00eb profesional p\u00ebr t\u00eb b\u00ebr\u00eb, mund t\u00eb shkruajm\u00eb nj\u00eb p\u00ebrsh\u00ebndetje apo nj\u00eb fjal\u00eb frym\u00ebzuese, por t\u00eb gjitha k\u00ebto &nbsp;marrin vler\u00ebn dhe &nbsp;projektohen n\u00eb p\u00ebrmas\u00ebn q\u00eb duam, &nbsp;ve\u00e7an\u00ebrisht p\u00ebrmes z\u00ebrit.<\/p>\n\n\n\n<p>T\u00eb qenit &nbsp;t\u00eb nd\u00ebrgjegjsh\u00ebm p\u00ebr r\u00ebnd\u00ebsin\u00eb e z\u00ebrit&nbsp;n\u00eb krijimin e lidhjes me audienc\u00ebn, p\u00ebr t\u00eb zot\u00ebruar v\u00ebmendjen, emocionet dhe p\u00ebr t\u00eb rritur impaktin tek kjo audienc\u00eb, \u00ebsht\u00eb hapi i par\u00eb drejt maksimalizimit t\u00eb aft\u00ebsive tona komunikuese.<\/p>\n\n\n\n<p>Teknikat komunikuese n\u00eb artin teatral jan\u00eb baza e \u00e7do komunikimi, por gjat\u00eb procesit akademik kam ndeshur metoda dhe ekspertiza n\u00eb k\u00ebt\u00eb fush\u00eb t\u00eb cilat jan\u00eb &nbsp;t\u00eb vlefshme p\u00ebrtej kurrikul\u00ebs akademike. K\u00ebto teknika i sh\u00ebrbejn\u00eb kujdo q\u00eb ka d\u00ebshir\u00eb t\u00eb p\u00ebrmir\u00ebsoj\u00eb aft\u00ebsit\u00eb komunikuese, duke filluar me z\u00ebrin.<\/p>\n\n\n\n<p>M\u00eb posht\u00eb dot\u00eb gjeni links t\u00eb metodave bashk\u00ebkohore n\u00eb teknikat e z\u00ebrit dhe komunikimit.<\/p>\n\n\n\n<hr class=\"wp-block-separator\"\/>\n\n\n\n<div class=\"wp-block-image\"><figure class=\"alignleft size-large is-resized\"><img loading=\"lazy\" src=\"http:\/\/taulandajupi.com\/wp-content\/uploads\/2020\/08\/IMG_8787-1-634x1024.jpg\" alt=\"\" class=\"wp-image-630\" width=\"174\" height=\"281\" srcset=\"https:\/\/taulandajupi.com\/wp-content\/uploads\/2020\/08\/IMG_8787-1-634x1024.jpg 634w, https:\/\/taulandajupi.com\/wp-content\/uploads\/2020\/08\/IMG_8787-1-186x300.jpg 186w, https:\/\/taulandajupi.com\/wp-content\/uploads\/2020\/08\/IMG_8787-1-768x1241.jpg 768w, https:\/\/taulandajupi.com\/wp-content\/uploads\/2020\/08\/IMG_8787-1-950x1536.jpg 950w, https:\/\/taulandajupi.com\/wp-content\/uploads\/2020\/08\/IMG_8787-1-1267x2048.jpg 1267w, https:\/\/taulandajupi.com\/wp-content\/uploads\/2020\/08\/IMG_8787-1.jpg 1485w\" sizes=\"(max-width: 174px) 100vw, 174px\" \/><\/figure><\/div>\n\n\n\n<p><strong>Gery Genard<\/strong> &#8211; Krijuesi i medotod\u00ebs <strong><em>The&nbsp; Genard Method<\/em><\/strong>, nj\u00eb metod\u00eb unike e cila nd\u00ebrton&nbsp; trajnimin e t\u00eb folurit dhe komunikimit publik&nbsp; mbi teknikat aktoriale t\u00eb teatrit.&nbsp; Aktor\u00ebt jan\u00eb komunikuesit m\u00eb t\u00eb mir\u00eb n\u00eb bot\u00eb kur b\u00ebhet fjal\u00eb p\u00ebr t\u00eb mb\u00ebrthyer v\u00ebmendjen dhe emocionet e publikut.&nbsp; E k\u00ebshilloj p\u00ebr t\u00eb gjith\u00eb ata q\u00eb d\u00ebshirojn\u00eb t\u00eb p\u00ebrmir\u00ebsojn\u00eb aft\u00ebsit\u00eb e tyre komunikuese dhe kan\u00eb n\u00eb baz\u00eb t\u00eb pun\u00ebs s\u00eb tyre &nbsp;t\u00eb folurin dhe &nbsp;komunikimin me nj\u00eb audienc\u00eb t\u00eb caktuar, cilado qoft\u00eb ajo.<\/p>\n\n\n\n<p><a href=\"https:\/\/www.genardmethod.com\/\" target=\"_blank\" rel=\"noreferrer noopener\">https:\/\/www.genardmethod.com\/<\/a><\/p>\n\n\n\n<hr class=\"wp-block-separator\"\/>\n\n\n\n<div class=\"wp-block-image\"><figure class=\"alignleft size-large is-resized\"><img loading=\"lazy\" src=\"http:\/\/taulandajupi.com\/wp-content\/uploads\/2020\/08\/IMG_8786.jpg\" alt=\"\" class=\"wp-image-627\" width=\"174\" height=\"260\" srcset=\"https:\/\/taulandajupi.com\/wp-content\/uploads\/2020\/08\/IMG_8786.jpg 333w, https:\/\/taulandajupi.com\/wp-content\/uploads\/2020\/08\/IMG_8786-200x300.jpg 200w\" sizes=\"(max-width: 174px) 100vw, 174px\" \/><\/figure><\/div>\n\n\n\n<p><strong>Barbara Houseman <\/strong>&#8211;<strong>&nbsp;<\/strong>Profesoresh dhe trajnuese e z\u00ebrit n\u00eb The Royal Central School of Speech and Drama. \u00cbsht\u00eb e njohur p\u00ebr librin \u201cFinding your voice\u201d &nbsp;<em>(Gjej z\u00ebrin t\u00ebnd)<\/em>, konsideruar nga kritika &nbsp;\u201c\u2026Nj\u00eb udh\u00ebrr\u00ebfyes i shk\u00eblqyer q\u00eb revolucionarizon pun\u00ebn me z\u00ebrin&#8221;.<\/p>\n\n\n\n<p><a href=\"https:\/\/www.barbarahouseman.com\/\">https:\/\/www.barbarahouseman.com\/<\/a><\/p>\n\n\n\n<hr class=\"wp-block-separator\"\/>\n\n\n\n<div class=\"wp-block-image\"><figure class=\"alignleft size-large is-resized\"><img loading=\"lazy\" src=\"http:\/\/taulandajupi.com\/wp-content\/uploads\/2020\/08\/IMG_8785.jpg\" alt=\"\" class=\"wp-image-628\" width=\"176\" height=\"264\" srcset=\"https:\/\/taulandajupi.com\/wp-content\/uploads\/2020\/08\/IMG_8785.jpg 333w, https:\/\/taulandajupi.com\/wp-content\/uploads\/2020\/08\/IMG_8785-200x300.jpg 200w\" sizes=\"(max-width: 176px) 100vw, 176px\" \/><\/figure><\/div>\n\n\n\n<p><strong>Patsy Rodenburg<\/strong> &#8211;&nbsp; Profesoresh &nbsp;e z\u00ebrit n\u00eb <em>Guildhall School of Music and Drama<\/em> p\u00ebr m\u00eb shum\u00eb se 30 vjet.&nbsp; Libri i saj&nbsp; \u201cThe Actor Speaks\u201d  (Aktori flet) \u00ebsht\u00eb&nbsp; nj\u00eb manual praktik p\u00ebr zhvillimin e aft\u00ebsive qoft\u00eb nga student\u00eb apo aktor\u00eb n\u00eb fillimet e veta, qoft\u00eb nga ata q\u00eb studiojn\u00eb apo ofrojn\u00eb studime n\u00eb fush\u00ebn e teatrit, apo komunikimit.<\/p>\n\n\n\n<p><a href=\"https:\/\/www.gsmd.ac.uk\/about_the_school\/research\/research_staff\/department\/37-research-and-knowledge-exchange-staff\/669-patsy-rodenburg\/\">https:\/\/www.gsmd.ac.uk\/about_the_school\/research\/research_staff\/department\/37-research-and-knowledge-exchange-staff\/669-patsy-rodenburg\/<\/a><\/p>\n\n\n\n<p><a href=\"http:\/\/patsyrodenburg.com\/PatsyRodenburg.com\/Home.html\">http:\/\/patsyrodenburg.com\/PatsyRodenburg.com\/Home.html<\/a><\/p>\n\n\n\n<hr class=\"wp-block-separator\"\/>\n\n\n\n<p><em>P\u00ebrve\u00e7se online&nbsp; k\u00ebta libra mund t\u2019i gjeni n\u00eb koleksionin e librave profesial\u00eb q\u00eb kam dhuruar n\u00eb Bibliotek\u00ebn e Universitetit t\u00eb Arteve .&nbsp;<\/em><\/p>\n\n\n\n<p><a href=\"https:\/\/www.uart.edu.al\/index.php?pg=faqe&amp;id=70&amp;niveli=59\">https:\/\/www.uart.edu.al\/index.php?pg=faqe&amp;id=70&amp;niveli=59<\/a><\/p>\n","protected":false},"excerpt":{"rendered":"\u201cThe Human Voice is the most perfect instrument of all\u201d Arvo P\u00e4rt ZERI yn\u00eb \u00ebsht\u00eb e dh\u00ebna natyrale, mjeti unik dhe i paz\u00ebvend\u00ebsuesh\u00ebm q\u00eb zot\u00ebrojm\u00eb p\u00ebr t\u00eb p\u00ebrcjell\u00eb &nbsp;mendimin, fjal\u00ebn, emocionin, mesazhin &nbsp;ton\u00eb p\u00ebrpara publikut apo audienc\u00ebs, cilado qoft\u00eb ajo. N\u00eb procesin e r\u00ebnd\u00ebsish\u00ebm t\u00eb komunikimit artistik apo publik, shpesh anashkalohet fakti&nbsp; se lidhja me[&#8230;]","protected":false},"author":1,"featured_media":0,"parent":0,"menu_order":0,"comment_status":"closed","ping_status":"closed","template":"","meta":[],"yoast_head":"<!-- This site is optimized with the Yoast SEO plugin v18.5.1 - https:\/\/yoast.com\/wordpress\/plugins\/seo\/ -->\n<title>Komunikim publik \/ Links - Taulanda Jupi<\/title>\n<meta name=\"robots\" content=\"index, follow, max-snippet:-1, max-image-preview:large, max-video-preview:-1\" \/>\n<link rel=\"canonical\" href=\"https:\/\/taulandajupi.com\/?page_id=622\" \/>\n<meta property=\"og:locale\" content=\"en_US\" \/>\n<meta property=\"og:type\" content=\"article\" \/>\n<meta property=\"og:title\" content=\"Komunikim publik \/ Links - Taulanda Jupi\" \/>\n<meta property=\"og:description\" content=\"\u201cThe Human Voice is the most perfect instrument of all\u201d Arvo P\u00e4rt ZERI yn\u00eb \u00ebsht\u00eb e dh\u00ebna natyrale, mjeti unik dhe i paz\u00ebvend\u00ebsuesh\u00ebm q\u00eb zot\u00ebrojm\u00eb p\u00ebr t\u00eb p\u00ebrcjell\u00eb &nbsp;mendimin, fjal\u00ebn, emocionin, mesazhin &nbsp;ton\u00eb p\u00ebrpara publikut apo audienc\u00ebs, cilado qoft\u00eb ajo. N\u00eb procesin e r\u00ebnd\u00ebsish\u00ebm t\u00eb komunikimit artistik apo publik, shpesh anashkalohet fakti&nbsp; se lidhja me[...]\" \/>\n<meta property=\"og:url\" content=\"https:\/\/taulandajupi.com\/?page_id=622\" \/>\n<meta property=\"og:site_name\" content=\"Taulanda Jupi\" \/>\n<meta property=\"article:modified_time\" content=\"2020-08-11T11:04:23+00:00\" \/>\n<meta property=\"og:image\" content=\"http:\/\/taulandajupi.com\/wp-content\/uploads\/2020\/08\/IMG_8787-1-634x1024.jpg\" \/>\n<meta name=\"twitter:card\" content=\"summary_large_image\" \/>\n<meta name=\"twitter:label1\" content=\"Est. reading time\" \/>\n\t<meta name=\"twitter:data1\" content=\"3 minutes\" \/>\n<script type=\"application\/ld+json\" class=\"yoast-schema-graph\">{\"@context\":\"https:\/\/schema.org\",\"@graph\":[{\"@type\":\"WebSite\",\"@id\":\"https:\/\/taulandajupi.com\/#website\",\"url\":\"https:\/\/taulandajupi.com\/\",\"name\":\"Taulanda Jupi\",\"description\":\"Profesor i Asociuar, Universiteti i Arteve | Edukim | Kultur\u00eb | Art | Sociale\",\"potentialAction\":[{\"@type\":\"SearchAction\",\"target\":{\"@type\":\"EntryPoint\",\"urlTemplate\":\"https:\/\/taulandajupi.com\/?s={search_term_string}\"},\"query-input\":\"required name=search_term_string\"}],\"inLanguage\":\"en-US\"},{\"@type\":\"ImageObject\",\"@id\":\"https:\/\/taulandajupi.com\/?page_id=622#primaryimage\",\"inLanguage\":\"en-US\",\"url\":\"https:\/\/taulandajupi.com\/wp-content\/uploads\/2020\/08\/IMG_8787-1.jpg\",\"contentUrl\":\"https:\/\/taulandajupi.com\/wp-content\/uploads\/2020\/08\/IMG_8787-1.jpg\",\"width\":1485,\"height\":2400},{\"@type\":\"WebPage\",\"@id\":\"https:\/\/taulandajupi.com\/?page_id=622#webpage\",\"url\":\"https:\/\/taulandajupi.com\/?page_id=622\",\"name\":\"Komunikim publik \/ Links - Taulanda Jupi\",\"isPartOf\":{\"@id\":\"https:\/\/taulandajupi.com\/#website\"},\"primaryImageOfPage\":{\"@id\":\"https:\/\/taulandajupi.com\/?page_id=622#primaryimage\"},\"datePublished\":\"2020-08-11T10:17:38+00:00\",\"dateModified\":\"2020-08-11T11:04:23+00:00\",\"breadcrumb\":{\"@id\":\"https:\/\/taulandajupi.com\/?page_id=622#breadcrumb\"},\"inLanguage\":\"en-US\",\"potentialAction\":[{\"@type\":\"ReadAction\",\"target\":[\"https:\/\/taulandajupi.com\/?page_id=622\"]}]},{\"@type\":\"BreadcrumbList\",\"@id\":\"https:\/\/taulandajupi.com\/?page_id=622#breadcrumb\",\"itemListElement\":[{\"@type\":\"ListItem\",\"position\":1,\"name\":\"Home\",\"item\":\"https:\/\/taulandajupi.com\/\"},{\"@type\":\"ListItem\",\"position\":2,\"name\":\"Komunikim publik \/ Links\"}]}]}<\/script>\n<!-- \/ Yoast SEO plugin. -->","yoast_head_json":{"title":"Komunikim publik \/ Links - Taulanda Jupi","robots":{"index":"index","follow":"follow","max-snippet":"max-snippet:-1","max-image-preview":"max-image-preview:large","max-video-preview":"max-video-preview:-1"},"canonical":"https:\/\/taulandajupi.com\/?page_id=622","og_locale":"en_US","og_type":"article","og_title":"Komunikim publik \/ Links - Taulanda Jupi","og_description":"\u201cThe Human Voice is the most perfect instrument of all\u201d Arvo P\u00e4rt ZERI yn\u00eb \u00ebsht\u00eb e dh\u00ebna natyrale, mjeti unik dhe i paz\u00ebvend\u00ebsuesh\u00ebm q\u00eb zot\u00ebrojm\u00eb p\u00ebr t\u00eb p\u00ebrcjell\u00eb &nbsp;mendimin, fjal\u00ebn, emocionin, mesazhin &nbsp;ton\u00eb p\u00ebrpara publikut apo audienc\u00ebs, cilado qoft\u00eb ajo. N\u00eb procesin e r\u00ebnd\u00ebsish\u00ebm t\u00eb komunikimit artistik apo publik, shpesh anashkalohet fakti&nbsp; se lidhja me[...]","og_url":"https:\/\/taulandajupi.com\/?page_id=622","og_site_name":"Taulanda Jupi","article_modified_time":"2020-08-11T11:04:23+00:00","og_image":[{"url":"http:\/\/taulandajupi.com\/wp-content\/uploads\/2020\/08\/IMG_8787-1-634x1024.jpg"}],"twitter_card":"summary_large_image","twitter_misc":{"Est. reading time":"3 minutes"},"schema":{"@context":"https:\/\/schema.org","@graph":[{"@type":"WebSite","@id":"https:\/\/taulandajupi.com\/#website","url":"https:\/\/taulandajupi.com\/","name":"Taulanda Jupi","description":"Profesor i Asociuar, Universiteti i Arteve | Edukim | Kultur\u00eb | Art | Sociale","potentialAction":[{"@type":"SearchAction","target":{"@type":"EntryPoint","urlTemplate":"https:\/\/taulandajupi.com\/?s={search_term_string}"},"query-input":"required name=search_term_string"}],"inLanguage":"en-US"},{"@type":"ImageObject","@id":"https:\/\/taulandajupi.com\/?page_id=622#primaryimage","inLanguage":"en-US","url":"https:\/\/taulandajupi.com\/wp-content\/uploads\/2020\/08\/IMG_8787-1.jpg","contentUrl":"https:\/\/taulandajupi.com\/wp-content\/uploads\/2020\/08\/IMG_8787-1.jpg","width":1485,"height":2400},{"@type":"WebPage","@id":"https:\/\/taulandajupi.com\/?page_id=622#webpage","url":"https:\/\/taulandajupi.com\/?page_id=622","name":"Komunikim publik \/ Links - Taulanda Jupi","isPartOf":{"@id":"https:\/\/taulandajupi.com\/#website"},"primaryImageOfPage":{"@id":"https:\/\/taulandajupi.com\/?page_id=622#primaryimage"},"datePublished":"2020-08-11T10:17:38+00:00","dateModified":"2020-08-11T11:04:23+00:00","breadcrumb":{"@id":"https:\/\/taulandajupi.com\/?page_id=622#breadcrumb"},"inLanguage":"en-US","potentialAction":[{"@type":"ReadAction","target":["https:\/\/taulandajupi.com\/?page_id=622"]}]},{"@type":"BreadcrumbList","@id":"https:\/\/taulandajupi.com\/?page_id=622#breadcrumb","itemListElement":[{"@type":"ListItem","position":1,"name":"Home","item":"https:\/\/taulandajupi.com\/"},{"@type":"ListItem","position":2,"name":"Komunikim publik \/ Links"}]}]}},"_links":{"self":[{"href":"https:\/\/taulandajupi.com\/index.php?rest_route=\/wp\/v2\/pages\/622"}],"collection":[{"href":"https:\/\/taulandajupi.com\/index.php?rest_route=\/wp\/v2\/pages"}],"about":[{"href":"https:\/\/taulandajupi.com\/index.php?rest_route=\/wp\/v2\/types\/page"}],"author":[{"embeddable":true,"href":"https:\/\/taulandajupi.com\/index.php?rest_route=\/wp\/v2\/users\/1"}],"replies":[{"embeddable":true,"href":"https:\/\/taulandajupi.com\/index.php?rest_route=%2Fwp%2Fv2%2Fcomments&post=622"}],"version-history":[{"count":9,"href":"https:\/\/taulandajupi.com\/index.php?rest_route=\/wp\/v2\/pages\/622\/revisions"}],"predecessor-version":[{"id":637,"href":"https:\/\/taulandajupi.com\/index.php?rest_route=\/wp\/v2\/pages\/622\/revisions\/637"}],"wp:attachment":[{"href":"https:\/\/taulandajupi.com\/index.php?rest_route=%2Fwp%2Fv2%2Fmedia&parent=622"}],"curies":[{"name":"wp","href":"https:\/\/api.w.org\/{rel}","templated":true}]}}